{"id":2536,"date":"2019-11-25T23:13:22","date_gmt":"2019-11-25T21:13:22","guid":{"rendered":"http:\/\/xn--sdtirolrafting-gsb.com\/agb\/"},"modified":"2020-02-06T18:28:57","modified_gmt":"2020-02-06T16:28:57","slug":"agb","status":"publish","type":"page","link":"https:\/\/xn--sdtirolrafting-gsb.com\/it\/agb\/","title":{"rendered":"Condizioni generali"},"content":{"rendered":"<div class=\"fusion-fullwidth fullwidth-box fusion-builder-row-1 nonhundred-percent-fullwidth non-hundred-percent-height-scrolling\" style=\"background-color: rgba(255,255,255,0);background-position: center center;background-repeat: no-repeat;padding-top:0px;padding-right:0px;padding-bottom:0px;padding-left:0px;margin-bottom: 0px;margin-top: 0px;border-width: 0px 0px 0px 0px;border-color:#eae9e9;border-style:solid;\" ><div class=\"fusion-builder-row fusion-row\"><div class=\"fusion-layout-column fusion_builder_column fusion-builder-column-0 fusion_builder_column_1_1 1_1 fusion-one-full fusion-column-first fusion-column-last\" style=\"margin-top:0px;margin-bottom:20px;\"><div class=\"fusion-column-wrapper fusion-flex-column-wrapper-legacy\" style=\"background-position:left top;background-repeat:no-repeat;-webkit-background-size:cover;-moz-background-size:cover;-o-background-size:cover;background-size:cover;padding: 0px 0px 0px 0px;\"><div class=\"fusion-text fusion-text-1\"><h3>Condizioni generali di contratto<\/h3>\n<p>Alto Adige Rafting Coop. Soc. Dill. Sport.<\/p>\n<p>Prima registrazione:<\/p>\n<p>La registrazione dell&#8217;attivit\u00e0 pu\u00f2 essere effettuata di persona, per telefono o per iscritto. L&#8217;iscrizione \u00e8 confermata dalla S\u00fcdtirol Rafting Expeditions di persona, per telefono o per iscritto ed \u00e8 quindi vincolante.<\/p>\n<p>Se il contenuto della conferma di prenotazione differisce dalla registrazione, vi chiediamo di informarci immediatamente e di presentare una nuova offerta. Se non riceviamo una conferma, diamo per scontato che le informazioni siano corrette e consideriamo la prenotazione come confermata.<\/p>\n<p>2. politica di cancellazione e pagamento:<\/p>\n<p>Il pagamento pu\u00f2 essere effettuato tramite bonifico bancario o in contanti sul posto. Se \u00e8 richiesta una fattura, vi preghiamo di farcelo sapere in anticipo.<\/p>\n<p>(Se non diversamente concordato, dopo la prenotazione \u00e8 dovuto un acconto del 50% sul conto).<\/p>\n<p>Il restante 50% del pagamento deve essere stato versato sul suddetto conto all&#8217;inizio del tour.<\/p>\n<p>\u00c8 possibile recedere dalla prenotazione\/prenotazione in qualsiasi momento. Nel vostro interesse e per evitare malintesi, vi raccomandiamo vivamente di dichiarare il vostro recesso per iscritto. Come compenso per i preparativi e le spese effettuate, dobbiamo richiedere il pagamento di una percentuale del prezzo della prenotazione, a seconda della vicinanza della data di cancellazione alla data dell&#8217;attivit\u00e0, tenendo conto del seguente elenco<\/p>\n<p>fino al 30\u00b0 giorno prima della data prenotata 20%, dal 29\u00b0 giorno al 22\u00b0 giorno prima della data prenotata 30%, dal 21\u00b0 al 15\u00b0 giorno prima della data prenotata 40%, dal 14\u00b0 giorno al 7\u00b0 giorno prima della data prenotata 60%, dal 6\u00b0 giorno prima della data prenotata 90%, in caso di cancellazione o no-show nel giorno in cui l&#8217;attivit\u00e0 dovrebbe svolgersi, 100%.<\/p>\n<p>3. ambito dei servizi:<\/p>\n<p>L&#8217;ambito delle prestazioni contrattuali si trova nella conferma di prenotazione. In mancanza di una conferma di prenotazione scritta, si applica l&#8217;ambito dei servizi indicati nell&#8217;opuscolo e nella homepage. \u00c8 sempre l&#8217;ultima versione degli opuscoli.<\/p>\n<p>\u00c8 possibile un coordinamento delle date con ulteriori prenotazioni individuali o di gruppo, se non diversamente concordato (come nel caso di una partenza in esclusiva).<\/p>\n<p>4. servizi non utilizzati:<\/p>\n<p>Se il partecipante non usufruisce dei singoli servizi, non ci sar\u00e0 alcun rimborso (anche parziale) del pagamento effettuato. Se il partecipante all&#8217;evento non parte all&#8217;orario concordato o non parte in tempo, non vi \u00e8 alcun diritto al rimborso del pagamento.<\/p>\n<p>5. ri-prenotazione:<\/p>\n<p>Per quanto possibile, cerchiamo di rendere possibile una nuova prenotazione anche dopo la prenotazione. Se ci\u00f2 dovesse comportare costi aggiuntivi per noi, questi dovranno essere sostituiti.<\/p>\n<p>6. condizione dei partecipanti:<\/p>\n<p>Il partecipante si impegna a informare la guida della barca prima dell&#8217;inizio del tour in merito a possibili menomazioni fisiologiche o fisiche (ad es. in caso di allergie c&#8217;\u00e8 la possibilit\u00e0 di portare a bordo gli allergeni).<\/p>\n<p>Sono escluse dall&#8217;attivit\u00e0 le persone danneggiate da farmaci, alcool o droghe. Ci\u00f2 vale anche per le persone mentalmente e fisicamente incapaci.<br \/>\nIl conducente della barca pu\u00f2 decidere se una persona non \u00e8 adatta all&#8217;attivit\u00e0 (\u00e8 sufficiente il sospetto di consumo di alcol o di droghe).<\/p>\n<p>7. attivit\u00e0 d&#8217;avventura:<\/p>\n<p>Ogni partecipante \u00e8 consapevole di partecipare ad un&#8217;avventura e ad un&#8217;attivit\u00e0 in natura che non pu\u00f2 offrire il comfort e la sicurezza di un normale pacchetto turistico. L&#8217;apparecchiatura \u00e8 conforme ai pi\u00f9 recenti standard di sicurezza. Tutti i tour sono pianificati e preparati con cura. Prima di ogni tour, l&#8217;accompagnatore o un membro dello staff fornisce un&#8217;introduzione e un briefing prima di ogni tour. I rischi sono molteplici e quindi non possono essere completamente esclusi (come per tutte le attivit\u00e0 all&#8217;aperto). La responsabilit\u00e0 per tutti i danni e le pretese, indipendentemente dalla base giuridica, nei confronti della S\u00fcdtirol Rafting Expeditions Soc. Coop. Sport. Dil. o i suoi dipendenti e barcaioli, si limita alla negligenza o al dolo.<\/p>\n<p>Alto Adige Rafting Spedizioni Soc. Coop. Sport. Dil. non \u00e8 responsabile per danni derivanti da attivit\u00e0 che vanno oltre il programma prenotato. Nel caso di transazioni con i consumatori ai sensi della legge sulla tutela dei consumatori, ci\u00f2 vale solo nella misura in cui tali danni non riguardano lesioni personali.<\/p>\n<p>8. istruzioni e istruzioni di sicurezza:<\/p>\n<p>Il partecipante deve seguire tutte le istruzioni di sicurezza e le istruzioni dell&#8217;accompagnatore e delle guide e deve partecipare attivamente al tour. I partecipanti devono sostenersi a vicenda.<\/p>\n<p>9. recesso dal contratto da parte nostra:<\/p>\n<p>L&#8217;accompagnatore (barcaiolo) ha il diritto di escludere gli ospiti dal tour o di annullare il tour se questi violano i termini e le condizioni e soprattutto se non soddisfano i requisiti necessari per il tour. Il tour leader si riserva il diritto di modificare, ampliare, interrompere o limitare il programma del tour a causa di circostanze impreviste che possono mettere a rischio la sicurezza degli ospiti (ad es. livello dell&#8217;acqua troppo alto, cambiamenti climatici, abilit\u00e0 insufficiente o attenzione insufficiente dei partecipanti, ecc.) Alto Adige Rafting Spedizioni Soc. Coop. Sport. Dil. ha il diritto di recedere dal contratto in tali circostanze.<\/p>\n<p>10. lesioni e danni:<\/p>\n<p>Lesioni e danni devono essere immediatamente segnalati al tour leader \/ barcaioli.<\/p>\n<p>11. durata dei tour:<\/p>\n<p>Le informazioni sulla durata dei tour nelle brochure, nei volantini e sulla homepage sono valori approssimativi. La durata delle visite non pu\u00f2 sempre essere determinata con precisione in anticipo. Essi sono legati, ad esempio, al livello dell&#8217;acqua o alla dinamica del gruppo. Alto Adige Rafting Spedizioni Soc. Coop. Sport. Dil. non garantisce il rispetto di questi tempi guida.<\/p>\n<p>12. luogo di giurisdizione:<\/p>\n<p>Si applica la legge italiana. Foro competente e luogo di esecuzione \u00e8 il Tribunale Provinciale di Bolzano, Italia.<\/p>\n<p>13. cambio di prezzo o di programma:<\/p>\n<p>Sono riservate le modifiche di prezzo o di programma e le correzioni di errori di stampa (su opuscoli, volantini e sulla homepage). Invalidit\u00e0 delle singole disposizioni:<br \/>\nSe una delle disposizioni del contratto di viaggio \u00e8 o diventa invalida in tutto o in parte, ci\u00f2 non comporta l&#8217;invalidit\u00e0 dell&#8217;intero contratto di viaggio. Siamo invece autorizzati a sostituire la disposizione inefficace con la disposizione ammissibile che pi\u00f9 si avvicina allo scopo della disposizione inefficace.<\/p>\n<p>14. esclusione di rivendicazioni e prescrizione:<\/p>\n<p>Tutti i reclami dovuti all&#8217;esecuzione extracontrattuale dell&#8217;attivit\u00e0 devono esserci fatti valere per iscritto entro un mese dalla fine del viaggio stabilita contrattualmente. Dopo la scadenza di questo termine, potrete far valere i vostri diritti se non vi \u00e8 stato possibile rispettare il termine per colpa vostra. Tutti i vostri diritti derivanti dal contratto di viaggio scadono in 6 mesi. La prescrizione inizia con il giorno in cui il viaggio deve terminare secondo il contratto. Se avete fatto valere tali rivendicazioni, la prescrizione \u00e8 sospesa fino al giorno in cui noi respingiamo le rivendicazioni per iscritto.<\/p>\n<p>15. capacit\u00e0 di nuoto:<\/p>\n<p>L&#8217;attivit\u00e0 richiede un&#8217;adeguata capacit\u00e0 di nuoto in acqua corrente.<\/p>\n<p>16. trasporto di bambini:<\/p>\n<p>I bambini di et\u00e0 inferiore ai 6 anni non sono ammessi ai tour. Per l'&#8221;Avventura&#8221;, o &#8220;Avventura Leggera&#8221;, si applica un&#8217;et\u00e0 minima di 14 anni. Tutti i minorenni devono essere accompagnati da un supervisore adulto adeguato. I moduli di registrazione per l&#8217;assicurazione devono essere firmati da un genitore o da un tutore (per i gruppi possiamo inviare i moduli di registrazione in anticipo in modo che possano essere letti e firmati dai genitori).<\/p>\n<p>L&#8217;Alto Adige Rafting Expeditions e il suo staff non possono essere ritenuti responsabili per eventuali dichiarazioni errate relative all&#8217;et\u00e0 dei bambini.<\/p>\n<p>17. Attrezzatura:<\/p>\n<p>Il partecipante deve avere cura di portare l&#8217;attrezzatura ricevuta dalla base prima della partenza negli autobus e di portarla sempre con s\u00e9. Inoltre, deve assicurarsi di essere vestito adeguatamente con l&#8217;attrezzatura (come dimostrato dai barcaioli). Durante il tour non \u00e8 consentito togliersi il casco o aprire il sottogola o il giubbotto di salvataggio. Il partecipante deve sempre essere vestito in modo adeguato e completamente equipaggiato durante il tour. Se un partecipante non \u00e8 sicuro di essere vestito correttamente con l&#8217;attrezzatura o se per qualsiasi motivo vuole cambiare qualcosa sulla sua attrezzatura per un breve momento (ad esempio aprire il giubbotto di salvataggio), deve informare i barcaioli di questa intenzione e poi attendere e seguire il permesso e le istruzioni dei barcaioli.<\/p>\n<p>L&#8217;accompagnatore (guida della barca) ha il diritto di escludere il partecipante dal tour in caso di uso incompleto o improprio dell&#8217;attrezzatura, se tale circostanza \u00e8 dovuta a negligenza del partecipante.<\/p>\n<p>18. comportamento inappropriato:<\/p>\n<p>La discesa si svolge in un ambiente naturale e il partecipante deve trattarla con rispetto. Non si devono lasciare rifiuti, si devono evitare danni inutili a piante e animali. Durante la discesa \u00e8 vietato fumare e fare rumore inutile.<\/p>\n<p>19. danni:<\/p>\n<p>Per danni intenzionali alle barche, alle attrezzature e a qualsiasi mobile della base il partecipante\/ospite \u00e8 responsabile.<\/p>\n<p>20. assistenza:<\/p>\n<p>Il passeggero \u00e8 obbligato ad assistere nel trasporto dell&#8217;imbarcazione e delle attrezzature da e verso il veicolo di trasporto.<\/p>\n<p>21. dall&#8217;autobus alla barca:<\/p>\n<p>Durante l&#8217;attivit\u00e0 e durante l&#8217;attivit\u00e0 i partecipanti si troveranno parzialmente in prossimit\u00e0 di strade e piste ciclabili. \u00c8 responsabilit\u00e0 del partecipante (nel caso di minori, del genitore o del tutore) esercitare la necessaria cautela e non bloccare inutilmente strade e piste ciclabili.<\/p>\n<p>Inoltre, il partecipante deve prestare particolare attenzione quando entra ed esce dall&#8217;imbarcazione, perch\u00e9 sono da aspettarsi fondali bassi, pietre scivolose, condizioni di corrente diverse e spostamenti dell&#8217;imbarcazione che aumentano il rischio di lesioni.<\/p>\n<p>22. oggetti di valore:<\/p>\n<p>Non si accettano responsabilit\u00e0 per gli oggetti di valore. Se un partecipante porta con s\u00e9 alla partenza oggetti (macchine fotografiche, macchine fotografiche, cellulari), deve informare l&#8217;accompagnatore e le guide della barca prima della partenza. South Tyrol Rafting Expeditions non \u00e8 responsabile per gli oggetti portati all&#8217;attivit\u00e0 dai partecipanti che non fanno parte della loro attrezzatura, e non sono possibili rimborsi.<br \/>\nSi consiglia inoltre di non portare gioielli e orologi alla partenza.<\/p>\n<p>&nbsp;<\/p>\n<\/div><div class=\"fusion-clearfix\"><\/div><\/div><\/div><\/div><\/div>\n","protected":false},"excerpt":{"rendered":"","protected":false},"author":1,"featured_media":0,"parent":0,"menu_order":0,"comment_status":"closed","ping_status":"closed","template":"","meta":[],"yoast_head":"<!-- This site is optimized with the Yoast SEO plugin v19.2 - https:\/\/yoast.com\/wordpress\/plugins\/seo\/ -->\n<title>Condizioni generali - S\u00fcdtirol Rafting<\/title>\n<meta name=\"robots\" content=\"index, follow, max-snippet:-1, max-image-preview:large, max-video-preview:-1\" \/>\n<link rel=\"canonical\" href=\"https:\/\/xn--sdtirolrafting-gsb.com\/it\/agb\/\" \/>\n<meta property=\"og:locale\" content=\"it_IT\" \/>\n<meta property=\"og:type\" content=\"article\" \/>\n<meta property=\"og:title\" content=\"Condizioni generali - S\u00fcdtirol Rafting\" \/>\n<meta property=\"og:url\" content=\"https:\/\/xn--sdtirolrafting-gsb.com\/it\/agb\/\" \/>\n<meta property=\"og:site_name\" content=\"S\u00fcdtirol Rafting\" \/>\n<meta property=\"article:modified_time\" content=\"2020-02-06T16:28:57+00:00\" \/>\n<meta name=\"author\" content=\"Martin\" \/>\n<meta name=\"twitter:label1\" content=\"Tempo di lettura stimato\" \/>\n\t<meta name=\"twitter:data1\" content=\"9 minuti\" \/>\n<script type=\"application\/ld+json\" class=\"yoast-schema-graph\">{\"@context\":\"https:\/\/schema.org\",\"@graph\":[{\"@type\":\"WebSite\",\"@id\":\"https:\/\/xn--sdtirolrafting-gsb.com\/#website\",\"url\":\"https:\/\/xn--sdtirolrafting-gsb.com\/\",\"name\":\"S\u00fcdtirol Rafting\",\"description\":\"Rafting in S\u00fcdtirol\",\"potentialAction\":[{\"@type\":\"SearchAction\",\"target\":{\"@type\":\"EntryPoint\",\"urlTemplate\":\"https:\/\/xn--sdtirolrafting-gsb.com\/?s={search_term_string}\"},\"query-input\":\"required name=search_term_string\"}],\"inLanguage\":\"it-IT\"},{\"@type\":\"WebPage\",\"@id\":\"https:\/\/xn--sdtirolrafting-gsb.com\/it\/agb\/#webpage\",\"url\":\"https:\/\/xn--sdtirolrafting-gsb.com\/it\/agb\/\",\"name\":\"Condizioni generali - S\u00fcdtirol Rafting\",\"isPartOf\":{\"@id\":\"https:\/\/xn--sdtirolrafting-gsb.com\/#website\"},\"datePublished\":\"2019-11-25T21:13:22+00:00\",\"dateModified\":\"2020-02-06T16:28:57+00:00\",\"breadcrumb\":{\"@id\":\"https:\/\/xn--sdtirolrafting-gsb.com\/it\/agb\/#breadcrumb\"},\"inLanguage\":\"it-IT\",\"potentialAction\":[{\"@type\":\"ReadAction\",\"target\":[\"https:\/\/xn--sdtirolrafting-gsb.com\/it\/agb\/\"]}]},{\"@type\":\"BreadcrumbList\",\"@id\":\"https:\/\/xn--sdtirolrafting-gsb.com\/it\/agb\/#breadcrumb\",\"itemListElement\":[{\"@type\":\"ListItem\",\"position\":1,\"name\":\"Startseite\",\"item\":\"https:\/\/xn--sdtirolrafting-gsb.com\/it\/\"},{\"@type\":\"ListItem\",\"position\":2,\"name\":\"Condizioni generali\"}]}]}<\/script>\n<!-- \/ Yoast SEO plugin. -->","yoast_head_json":{"title":"Condizioni generali - S\u00fcdtirol Rafting","robots":{"index":"index","follow":"follow","max-snippet":"max-snippet:-1","max-image-preview":"max-image-preview:large","max-video-preview":"max-video-preview:-1"},"canonical":"https:\/\/xn--sdtirolrafting-gsb.com\/it\/agb\/","og_locale":"it_IT","og_type":"article","og_title":"Condizioni generali - S\u00fcdtirol Rafting","og_url":"https:\/\/xn--sdtirolrafting-gsb.com\/it\/agb\/","og_site_name":"S\u00fcdtirol Rafting","article_modified_time":"2020-02-06T16:28:57+00:00","author":"Martin","twitter_misc":{"Tempo di lettura stimato":"9 minuti"},"schema":{"@context":"https:\/\/schema.org","@graph":[{"@type":"WebSite","@id":"https:\/\/xn--sdtirolrafting-gsb.com\/#website","url":"https:\/\/xn--sdtirolrafting-gsb.com\/","name":"S\u00fcdtirol Rafting","description":"Rafting in S\u00fcdtirol","potentialAction":[{"@type":"SearchAction","target":{"@type":"EntryPoint","urlTemplate":"https:\/\/xn--sdtirolrafting-gsb.com\/?s={search_term_string}"},"query-input":"required name=search_term_string"}],"inLanguage":"it-IT"},{"@type":"WebPage","@id":"https:\/\/xn--sdtirolrafting-gsb.com\/it\/agb\/#webpage","url":"https:\/\/xn--sdtirolrafting-gsb.com\/it\/agb\/","name":"Condizioni generali - S\u00fcdtirol Rafting","isPartOf":{"@id":"https:\/\/xn--sdtirolrafting-gsb.com\/#website"},"datePublished":"2019-11-25T21:13:22+00:00","dateModified":"2020-02-06T16:28:57+00:00","breadcrumb":{"@id":"https:\/\/xn--sdtirolrafting-gsb.com\/it\/agb\/#breadcrumb"},"inLanguage":"it-IT","potentialAction":[{"@type":"ReadAction","target":["https:\/\/xn--sdtirolrafting-gsb.com\/it\/agb\/"]}]},{"@type":"BreadcrumbList","@id":"https:\/\/xn--sdtirolrafting-gsb.com\/it\/agb\/#breadcrumb","itemListElement":[{"@type":"ListItem","position":1,"name":"Startseite","item":"https:\/\/xn--sdtirolrafting-gsb.com\/it\/"},{"@type":"ListItem","position":2,"name":"Condizioni generali"}]}]}},"_links":{"self":[{"href":"https:\/\/xn--sdtirolrafting-gsb.com\/it\/wp-json\/wp\/v2\/pages\/2536"}],"collection":[{"href":"https:\/\/xn--sdtirolrafting-gsb.com\/it\/wp-json\/wp\/v2\/pages"}],"about":[{"href":"https:\/\/xn--sdtirolrafting-gsb.com\/it\/wp-json\/wp\/v2\/types\/page"}],"author":[{"embeddable":true,"href":"https:\/\/xn--sdtirolrafting-gsb.com\/it\/wp-json\/wp\/v2\/users\/1"}],"replies":[{"embeddable":true,"href":"https:\/\/xn--sdtirolrafting-gsb.com\/it\/wp-json\/wp\/v2\/comments?post=2536"}],"version-history":[{"count":6,"href":"https:\/\/xn--sdtirolrafting-gsb.com\/it\/wp-json\/wp\/v2\/pages\/2536\/revisions"}],"predecessor-version":[{"id":2552,"href":"https:\/\/xn--sdtirolrafting-gsb.com\/it\/wp-json\/wp\/v2\/pages\/2536\/revisions\/2552"}],"wp:attachment":[{"href":"https:\/\/xn--sdtirolrafting-gsb.com\/it\/wp-json\/wp\/v2\/media?parent=2536"}],"curies":[{"name":"wp","href":"https:\/\/api.w.org\/{rel}","templated":true}]}}