{"id":2354,"date":"2013-11-21T01:36:21","date_gmt":"2013-11-20T23:36:21","guid":{"rendered":"http:\/\/xn--sdtirolrafting-gsb.com\/faq\/"},"modified":"2020-07-16T08:59:08","modified_gmt":"2020-07-16T06:59:08","slug":"faq","status":"publish","type":"page","link":"https:\/\/xn--sdtirolrafting-gsb.com\/it\/service\/faq\/","title":{"rendered":"FAQ"},"content":{"rendered":"<div class=\"fusion-fullwidth fullwidth-box fusion-builder-row-1 hundred-percent-fullwidth non-hundred-percent-height-scrolling\" style=\"background-color: rgba(255,255,255,0);background-position: center center;background-repeat: no-repeat;padding-top:0px;padding-right:0px;padding-bottom:0px;padding-left:0px;margin-bottom: 0px;margin-top: 0px;border-width: 0px 0px 0px 0px;border-color:#eae9e9;border-style:solid;\" ><div class=\"fusion-builder-row fusion-row\"><div class=\"fusion-layout-column fusion_builder_column fusion-builder-column-0 fusion_builder_column_1_1 1_1 fusion-one-full fusion-column-first fusion-column-last fusion-column-no-min-height\" style=\"margin-top:0px;margin-bottom:0px;\"><div class=\"fusion-column-wrapper fusion-flex-column-wrapper-legacy\" style=\"background-position:left top;background-repeat:no-repeat;-webkit-background-size:cover;-moz-background-size:cover;-o-background-size:cover;background-size:cover;padding: 0px 0px 0px 0px;\"><style type=\"text\/css\">#accordion-2354-1 .fusion-panel:hover{ border-color: #e0dede } #accordion-2354-1 .fusion-panel { border-color:#e0dede; }.fusion-accordian  #accordion-2354-1 .panel-title a .fa-fusion-box{ color: #ffffff;}.fusion-accordian  #accordion-2354-1 .panel-title a .fa-fusion-box:before{ font-size: 13px; width: 13px;}.fusion-accordian  #accordion-2354-1 .panel-title a{font-size:16px;line-height:1.25;color:#333333;font-family:\"Antic Slab\";font-weight:regular;}.fusion-accordian  #accordion-2354-1 .toggle-content{font-size:20px;color:#747474;font-family:\"PT Sans\";}.fusion-accordian  #accordion-2354-1 .fa-fusion-box { background-color: #333333;border-color: #333333;}.fusion-accordian  #accordion-2354-1 .panel-title a:not(.active):hover, #accordion-2354-1 .fusion-toggle-boxed-mode:hover .panel-title a { color: #a0ce4e;}.fusion-accordian  #accordion-2354-1 .panel-title .active .fa-fusion-box,.fusion-accordian  #accordion-2354-1 .panel-title a:not(.active):hover .fa-fusion-box { background-color: #a0ce4e!important;border-color: #a0ce4e!important;}<\/style><div class=\"accordian fusion-accordian\"><div class=\"panel-group\" id=\"accordion-2354-1\"><style type=\"text\/css\">.fusion-accordian  #accordion-2354-1 .panel-85ad7caab06d7cd42 .panel-title a{}.fusion-accordian  #accordion-2354-1 .panel-85ad7caab06d7cd42 .toggle-content{}<\/style><div class=\"fusion-panel panel-default panel-85ad7caab06d7cd42\"><div class=\"panel-heading\"><h4 class=\"panel-title toggle\"><a aria-expanded=\"false\" aria-controls=\"85ad7caab06d7cd42\" role=\"button\" data-toggle=\"collapse\" data-parent=\"#accordion-2354-1\" data-target=\"#85ad7caab06d7cd42\" href=\"#85ad7caab06d7cd42\"><span class=\"fusion-toggle-icon-wrapper\" aria-hidden=\"true\"><i class=\"fa-fusion-box active-icon awb-icon-minus\" aria-hidden=\"true\"><\/i><i class=\"fa-fusion-box inactive-icon awb-icon-plus\" aria-hidden=\"true\"><\/i><\/span><span class=\"fusion-toggle-heading\">Quali requisiti devo soddisfare per praticare il rafting in Alto Adige?<\/span><\/a><\/h4><\/div><div id=\"85ad7caab06d7cd42\" class=\"panel-collapse collapse \"><div class=\"panel-body toggle-content fusion-clearfix\">\n<p>Non devo avere nessun\u00b4 esperienze particolari. Ma devo stare grado di nuotare e avere una condizione fisica media.<\/p>\n<\/div><\/div><\/div><style type=\"text\/css\">.fusion-accordian  #accordion-2354-1 .panel-3bb5e8e223488e107 .panel-title a{}.fusion-accordian  #accordion-2354-1 .panel-3bb5e8e223488e107 .toggle-content{}<\/style><div class=\"fusion-panel panel-default panel-3bb5e8e223488e107\"><div class=\"panel-heading\"><h4 class=\"panel-title toggle\"><a aria-expanded=\"false\" aria-controls=\"3bb5e8e223488e107\" role=\"button\" data-toggle=\"collapse\" data-parent=\"#accordion-2354-1\" data-target=\"#3bb5e8e223488e107\" href=\"#3bb5e8e223488e107\"><span class=\"fusion-toggle-icon-wrapper\" aria-hidden=\"true\"><i class=\"fa-fusion-box active-icon awb-icon-minus\" aria-hidden=\"true\"><\/i><i class=\"fa-fusion-box inactive-icon awb-icon-plus\" aria-hidden=\"true\"><\/i><\/span><span class=\"fusion-toggle-heading\">Dove ci incontriamo?<\/span><\/a><\/h4><\/div><div id=\"3bb5e8e223488e107\" class=\"panel-collapse collapse \"><div class=\"panel-body toggle-content fusion-clearfix\">\n<p>Ci incontriamo a Saltusio al campo di calcio, proprio sotto la funivia Hirzer. Dalla citt\u00e0 di Merano, ci serve circa 15 minuti di tempo fino al centro rafting alto adige. Anche di Scena, Dorf Tirolo, Lagundo e Marlengo stiamo rimosso tra dieci e venti minuti in macchina. Da Bolzano si serve circa 35 minuti fino a raggiungerci.<\/p>\n<\/div><\/div><\/div><style type=\"text\/css\">.fusion-accordian  #accordion-2354-1 .panel-3225ddbde2e6533bb .panel-title a{}.fusion-accordian  #accordion-2354-1 .panel-3225ddbde2e6533bb .toggle-content{}<\/style><div class=\"fusion-panel panel-default panel-3225ddbde2e6533bb\"><div class=\"panel-heading\"><h4 class=\"panel-title toggle\"><a aria-expanded=\"false\" aria-controls=\"3225ddbde2e6533bb\" role=\"button\" data-toggle=\"collapse\" data-parent=\"#accordion-2354-1\" data-target=\"#3225ddbde2e6533bb\" href=\"#3225ddbde2e6533bb\"><span class=\"fusion-toggle-icon-wrapper\" aria-hidden=\"true\"><i class=\"fa-fusion-box active-icon awb-icon-minus\" aria-hidden=\"true\"><\/i><i class=\"fa-fusion-box inactive-icon awb-icon-plus\" aria-hidden=\"true\"><\/i><\/span><span class=\"fusion-toggle-heading\">Quando si fa un tour di rafting?<\/span><\/a><\/h4><\/div><div id=\"3225ddbde2e6533bb\" class=\"panel-collapse collapse \"><div class=\"panel-body toggle-content fusion-clearfix\">\n<p>Ogni giorno. Per rafting a Merano climaticamente abbiamo migliori condizioni. Facciamo discese da met\u00e0 maggio a fine settembre. Organizziamo due discese al giorno, una alle 10 di mattina e una alle ore 14 di pomeriggio.<\/p>\n<\/div><\/div><\/div><style type=\"text\/css\">.fusion-accordian  #accordion-2354-1 .panel-e4f2f9019cfd7d73e .panel-title a{}.fusion-accordian  #accordion-2354-1 .panel-e4f2f9019cfd7d73e .toggle-content{}<\/style><div class=\"fusion-panel panel-default panel-e4f2f9019cfd7d73e\"><div class=\"panel-heading\"><h4 class=\"panel-title toggle\"><a aria-expanded=\"false\" aria-controls=\"e4f2f9019cfd7d73e\" role=\"button\" data-toggle=\"collapse\" data-parent=\"#accordion-2354-1\" data-target=\"#e4f2f9019cfd7d73e\" href=\"#e4f2f9019cfd7d73e\"><span class=\"fusion-toggle-icon-wrapper\" aria-hidden=\"true\"><i class=\"fa-fusion-box active-icon awb-icon-minus\" aria-hidden=\"true\"><\/i><i class=\"fa-fusion-box inactive-icon awb-icon-plus\" aria-hidden=\"true\"><\/i><\/span><span class=\"fusion-toggle-heading\">Come funzione un tour di rafting a Alto Adige Rafting Expeditions?<\/span><\/a><\/h4><\/div><div id=\"e4f2f9019cfd7d73e\" class=\"panel-collapse collapse \"><div class=\"panel-body toggle-content fusion-clearfix\">\n<p>Prima si procede alla registrazione e al pagamento, poi ricevete l\u00b4atrezzatura (caschi, mute, giubbotti di salvataggio, ecc.) In seguito tutti si cambiano i vestiti (spogliatoi disponibili) e vi accompagniamo con i nostri autobus fino al punto d&#8217;imbarco. Segue il briefing della guida, che \u00e8 un&#8217;introduzione alla tecnica di pagaiata e al comportamento di sicurezza. Dopo il briefing inizia il tour, e dall&#8217;uscita vi riportiamo al nostro centro rafting a Saltusio.<\/p>\n<\/div><\/div><\/div><style type=\"text\/css\">.fusion-accordian  #accordion-2354-1 .panel-c16491662ccb16078 .panel-title a{}.fusion-accordian  #accordion-2354-1 .panel-c16491662ccb16078 .toggle-content{}<\/style><div class=\"fusion-panel panel-default panel-c16491662ccb16078\"><div class=\"panel-heading\"><h4 class=\"panel-title toggle\"><a aria-expanded=\"false\" aria-controls=\"c16491662ccb16078\" role=\"button\" data-toggle=\"collapse\" data-parent=\"#accordion-2354-1\" data-target=\"#c16491662ccb16078\" href=\"#c16491662ccb16078\"><span class=\"fusion-toggle-icon-wrapper\" aria-hidden=\"true\"><i class=\"fa-fusion-box active-icon awb-icon-minus\" aria-hidden=\"true\"><\/i><i class=\"fa-fusion-box inactive-icon awb-icon-plus\" aria-hidden=\"true\"><\/i><\/span><span class=\"fusion-toggle-heading\">Quanto dura l'intero tour o il viaggio nel fiume?<\/span><\/a><\/h4><\/div><div id=\"c16491662ccb16078\" class=\"panel-collapse collapse \"><div class=\"panel-body toggle-content fusion-clearfix\">\n<p>La durata dipende dal percorso scelto.<br \/>\nL\u00b4Expedition Tour &#8211; come la nostra discesa pi\u00f9 lunga &#8211; dura circa 4 ore, di cui circa 2 ore nel fiume.<br \/>\nL&#8217;Adventure Tour dura circa 3 ore e mezza, di cui circa 1 ora e mezza nel fiume.<br \/>\nL&#8217;Adventure Light Tour \u00e8 circa mezz&#8217;ora pi\u00f9 breve dell&#8217;Adventure Tour, mentre il Family Tour \u00e8 di circa 2 ore e mezza, di cui circa 1 ora e mezza nel fiume.<\/p>\n<\/div><\/div><\/div><style type=\"text\/css\">.fusion-accordian  #accordion-2354-1 .panel-a7860aa16098c3d84 .panel-title a{}.fusion-accordian  #accordion-2354-1 .panel-a7860aa16098c3d84 .toggle-content{}<\/style><div class=\"fusion-panel panel-default panel-a7860aa16098c3d84\"><div class=\"panel-heading\"><h4 class=\"panel-title toggle\"><a aria-expanded=\"false\" aria-controls=\"a7860aa16098c3d84\" role=\"button\" data-toggle=\"collapse\" data-parent=\"#accordion-2354-1\" data-target=\"#a7860aa16098c3d84\" href=\"#a7860aa16098c3d84\"><span class=\"fusion-toggle-icon-wrapper\" aria-hidden=\"true\"><i class=\"fa-fusion-box active-icon awb-icon-minus\" aria-hidden=\"true\"><\/i><i class=\"fa-fusion-box inactive-icon awb-icon-plus\" aria-hidden=\"true\"><\/i><\/span><span class=\"fusion-toggle-heading\">Devo essere in grado a nuotare?<\/span><\/a><\/h4><\/div><div id=\"a7860aa16098c3d84\" class=\"panel-collapse collapse \"><div class=\"panel-body toggle-content fusion-clearfix\">\n<p>S\u00ec. Naturalmente tutti i partecipanti ricevono un giubbotto di salvataggio, ma tutti che vogliono praticare il rafting dovrebbero avere le competenze di base di nuoto.<\/p>\n<\/div><\/div><\/div><style type=\"text\/css\">.fusion-accordian  #accordion-2354-1 .panel-e6152c65482c09c74 .panel-title a{}.fusion-accordian  #accordion-2354-1 .panel-e6152c65482c09c74 .toggle-content{}<\/style><div class=\"fusion-panel panel-default panel-e6152c65482c09c74\"><div class=\"panel-heading\"><h4 class=\"panel-title toggle\"><a aria-expanded=\"false\" aria-controls=\"e6152c65482c09c74\" role=\"button\" data-toggle=\"collapse\" data-parent=\"#accordion-2354-1\" data-target=\"#e6152c65482c09c74\" href=\"#e6152c65482c09c74\"><span class=\"fusion-toggle-icon-wrapper\" aria-hidden=\"true\"><i class=\"fa-fusion-box active-icon awb-icon-minus\" aria-hidden=\"true\"><\/i><i class=\"fa-fusion-box inactive-icon awb-icon-plus\" aria-hidden=\"true\"><\/i><\/span><span class=\"fusion-toggle-heading\">Si fa rafting se piove?<\/span><\/a><\/h4><\/div><div id=\"e6152c65482c09c74\" class=\"panel-collapse collapse \"><div class=\"panel-body toggle-content fusion-clearfix\">\n<p>Fondamentalmente s\u00ec \u2013 anche se piove. Ma se continua a piovere per giorni, il tour sar\u00e0 probabilmente cancellato a causa di acqua alta.<\/p>\n<\/div><\/div><\/div><style type=\"text\/css\">.fusion-accordian  #accordion-2354-1 .panel-eab6e757bf6390813 .panel-title a{}.fusion-accordian  #accordion-2354-1 .panel-eab6e757bf6390813 .toggle-content{}<\/style><div class=\"fusion-panel panel-default panel-eab6e757bf6390813\"><div class=\"panel-heading\"><h4 class=\"panel-title toggle\"><a aria-expanded=\"false\" aria-controls=\"eab6e757bf6390813\" role=\"button\" data-toggle=\"collapse\" data-parent=\"#accordion-2354-1\" data-target=\"#eab6e757bf6390813\" href=\"#eab6e757bf6390813\"><span class=\"fusion-toggle-icon-wrapper\" aria-hidden=\"true\"><i class=\"fa-fusion-box active-icon awb-icon-minus\" aria-hidden=\"true\"><\/i><i class=\"fa-fusion-box inactive-icon awb-icon-plus\" aria-hidden=\"true\"><\/i><\/span><span class=\"fusion-toggle-heading\">Cosa devo portare - oltre ad un sacco di buon umore - ancora?<\/span><\/a><\/h4><\/div><div id=\"eab6e757bf6390813\" class=\"panel-collapse collapse \"><div class=\"panel-body toggle-content fusion-clearfix\">\n<p>Portate un bikini o un costume da bagno, un asciugamano e tutto il necessario per la doccia. Se vuoi portare con te i video GoPro gratuiti, non dimenticare la scheda micro SD!<\/p>\n<\/div><\/div><\/div><style type=\"text\/css\">.fusion-accordian  #accordion-2354-1 .panel-c82e529995d7e29f4 .panel-title a{}.fusion-accordian  #accordion-2354-1 .panel-c82e529995d7e29f4 .toggle-content{}<\/style><div class=\"fusion-panel panel-default panel-c82e529995d7e29f4\"><div class=\"panel-heading\"><h4 class=\"panel-title toggle\"><a aria-expanded=\"false\" aria-controls=\"c82e529995d7e29f4\" role=\"button\" data-toggle=\"collapse\" data-parent=\"#accordion-2354-1\" data-target=\"#c82e529995d7e29f4\" href=\"#c82e529995d7e29f4\"><span class=\"fusion-toggle-icon-wrapper\" aria-hidden=\"true\"><i class=\"fa-fusion-box active-icon awb-icon-minus\" aria-hidden=\"true\"><\/i><i class=\"fa-fusion-box inactive-icon awb-icon-plus\" aria-hidden=\"true\"><\/i><\/span><span class=\"fusion-toggle-heading\">Che cosa succede con le lenti a contatto, occhiali e gioielli?<\/span><\/a><\/h4><\/div><div id=\"c82e529995d7e29f4\" class=\"panel-collapse collapse \"><div class=\"panel-body toggle-content fusion-clearfix\">\n<p>Occhiali e gioielli si pu\u00f2 dare a noi. Le lenti se pu\u00f3 tenere mentre la discesa.<\/p>\n<\/div><\/div><\/div><style type=\"text\/css\">.fusion-accordian  #accordion-2354-1 .panel-8d4dd77d6397e7bac .panel-title a{}.fusion-accordian  #accordion-2354-1 .panel-8d4dd77d6397e7bac .toggle-content{}<\/style><div class=\"fusion-panel panel-default panel-8d4dd77d6397e7bac\"><div class=\"panel-heading\"><h4 class=\"panel-title toggle\"><a aria-expanded=\"false\" aria-controls=\"8d4dd77d6397e7bac\" role=\"button\" data-toggle=\"collapse\" data-parent=\"#accordion-2354-1\" data-target=\"#8d4dd77d6397e7bac\" href=\"#8d4dd77d6397e7bac\"><span class=\"fusion-toggle-icon-wrapper\" aria-hidden=\"true\"><i class=\"fa-fusion-box active-icon awb-icon-minus\" aria-hidden=\"true\"><\/i><i class=\"fa-fusion-box inactive-icon awb-icon-plus\" aria-hidden=\"true\"><\/i><\/span><span class=\"fusion-toggle-heading\">Quanto spesso vengono lavato le mute?<\/span><\/a><\/h4><\/div><div id=\"8d4dd77d6397e7bac\" class=\"panel-collapse collapse \"><div class=\"panel-body toggle-content fusion-clearfix\">\n<p>L\u2019attrezzatura viene lavata dopo ogni discesa con un detersivo speciale ecologico per mute.<\/p>\n<\/div><\/div><\/div><style type=\"text\/css\">.fusion-accordian  #accordion-2354-1 .panel-e57647ffacf17febc .panel-title a{}.fusion-accordian  #accordion-2354-1 .panel-e57647ffacf17febc .toggle-content{}<\/style><div class=\"fusion-panel panel-default panel-e57647ffacf17febc\"><div class=\"panel-heading\"><h4 class=\"panel-title toggle\"><a aria-expanded=\"false\" aria-controls=\"e57647ffacf17febc\" role=\"button\" data-toggle=\"collapse\" data-parent=\"#accordion-2354-1\" data-target=\"#e57647ffacf17febc\" href=\"#e57647ffacf17febc\"><span class=\"fusion-toggle-icon-wrapper\" aria-hidden=\"true\"><i class=\"fa-fusion-box active-icon awb-icon-minus\" aria-hidden=\"true\"><\/i><i class=\"fa-fusion-box inactive-icon awb-icon-plus\" aria-hidden=\"true\"><\/i><\/span><span class=\"fusion-toggle-heading\">Qual \u00e8 il momento migliore della stagione per fare rafting?<\/span><\/a><\/h4><\/div><div id=\"e57647ffacf17febc\" class=\"panel-collapse collapse \"><div class=\"panel-body toggle-content fusion-clearfix\">\n<p>Chiunque vuole avere un fiume in piena, trova un livello alto fra met\u00e0 di maggio tra fine di giugno. Lo scioglimento della neve crea un livello dell\u2019acqua elevato.<\/p>\n<\/div><\/div><\/div><style type=\"text\/css\">.fusion-accordian  #accordion-2354-1 .panel-54d2a933c39b67a5d .panel-title a{}.fusion-accordian  #accordion-2354-1 .panel-54d2a933c39b67a5d .toggle-content{}<\/style><div class=\"fusion-panel panel-default panel-54d2a933c39b67a5d\"><div class=\"panel-heading\"><h4 class=\"panel-title toggle\"><a aria-expanded=\"false\" aria-controls=\"54d2a933c39b67a5d\" role=\"button\" data-toggle=\"collapse\" data-parent=\"#accordion-2354-1\" data-target=\"#54d2a933c39b67a5d\" href=\"#54d2a933c39b67a5d\"><span class=\"fusion-toggle-icon-wrapper\" aria-hidden=\"true\"><i class=\"fa-fusion-box active-icon awb-icon-minus\" aria-hidden=\"true\"><\/i><i class=\"fa-fusion-box inactive-icon awb-icon-plus\" aria-hidden=\"true\"><\/i><\/span><span class=\"fusion-toggle-heading\">Che cosa succede se si impenna improvvisamente un temporale?<\/span><\/a><\/h4><\/div><div id=\"54d2a933c39b67a5d\" class=\"panel-collapse collapse \"><div class=\"panel-body toggle-content fusion-clearfix\">\n<p>Se si impenna una tempesta sopra le nostre teste, ci fermeremo la discesa. Normalmente un temporale si disperde fra pochi minuti. Dipende alla situazione, se la discesa viene proseguita o interrotta.<\/p>\n<\/div><\/div><\/div><style type=\"text\/css\">.fusion-accordian  #accordion-2354-1 .panel-1f80a685d379e7834 .panel-title a{}.fusion-accordian  #accordion-2354-1 .panel-1f80a685d379e7834 .toggle-content{}<\/style><div class=\"fusion-panel panel-default panel-1f80a685d379e7834\"><div class=\"panel-heading\"><h4 class=\"panel-title toggle\"><a aria-expanded=\"false\" aria-controls=\"1f80a685d379e7834\" role=\"button\" data-toggle=\"collapse\" data-parent=\"#accordion-2354-1\" data-target=\"#1f80a685d379e7834\" href=\"#1f80a685d379e7834\"><span class=\"fusion-toggle-icon-wrapper\" aria-hidden=\"true\"><i class=\"fa-fusion-box active-icon awb-icon-minus\" aria-hidden=\"true\"><\/i><i class=\"fa-fusion-box inactive-icon awb-icon-plus\" aria-hidden=\"true\"><\/i><\/span><span class=\"fusion-toggle-heading\">Come posso prenotare un viaggio rafting?<\/span><\/a><\/h4><\/div><div id=\"1f80a685d379e7834\" class=\"panel-collapse collapse \"><div class=\"panel-body toggle-content fusion-clearfix\">\n<p>Prenotate una discesa rafting per telefono o per e-mail. il vostro giorno preferito. Tel. 349 417 83 93 E-mail +39 info@raftingsuedtirol.com<\/p>\n<p>Se vuole anche attraverso il modulo <a href=\"http:\/\/s\u00fcdtirolrafting.com\/jetzt-buchen\/\">&#8220;PRENOTA&#8221;<\/a><\/p>\n<\/div><\/div><\/div><style type=\"text\/css\">.fusion-accordian  #accordion-2354-1 .panel-7c63b2e994d65a829 .panel-title a{}.fusion-accordian  #accordion-2354-1 .panel-7c63b2e994d65a829 .toggle-content{}<\/style><div class=\"fusion-panel panel-default panel-7c63b2e994d65a829\"><div class=\"panel-heading\"><h4 class=\"panel-title toggle\"><a aria-expanded=\"false\" aria-controls=\"7c63b2e994d65a829\" role=\"button\" data-toggle=\"collapse\" data-parent=\"#accordion-2354-1\" data-target=\"#7c63b2e994d65a829\" href=\"#7c63b2e994d65a829\"><span class=\"fusion-toggle-icon-wrapper\" aria-hidden=\"true\"><i class=\"fa-fusion-box active-icon awb-icon-minus\" aria-hidden=\"true\"><\/i><i class=\"fa-fusion-box inactive-icon awb-icon-plus\" aria-hidden=\"true\"><\/i><\/span><span class=\"fusion-toggle-heading\">Come posso pagare?<\/span><\/a><\/h4><\/div><div id=\"7c63b2e994d65a829\" class=\"panel-collapse collapse \"><div class=\"panel-body toggle-content fusion-clearfix\">\n<p>\u00c8 possibile a pagare in contanti localmente al nostro centro rafting. Per un buono si po\u00f9 effettuare in anticipo un bonifico bancario.<\/p>\n<\/div><\/div><\/div><\/div><\/div><div class=\"fusion-clearfix\"><\/div><\/div><\/div><\/div><style type=\"text\/css\">.fusion-fullwidth.fusion-builder-row-1 { overflow:visible; }<\/style><\/div>\n","protected":false},"excerpt":{"rendered":"","protected":false},"author":1,"featured_media":0,"parent":2856,"menu_order":0,"comment_status":"open","ping_status":"closed","template":"","meta":[],"yoast_head":"<!-- This site is optimized with the Yoast SEO plugin v19.2 - https:\/\/yoast.com\/wordpress\/plugins\/seo\/ -->\n<title>Rafting in Merano - S\u00fcdtirol Rafting Expeditions - FAQ<\/title>\n<meta name=\"description\" content=\"Rafting in Meran: Alle Fragen und Antworten (FAQ) zu den Flussabfahrten mit S\u00fcdtirol Rafting Expeditions.\" \/>\n<meta name=\"robots\" content=\"index, follow, max-snippet:-1, max-image-preview:large, max-video-preview:-1\" \/>\n<link rel=\"canonical\" href=\"https:\/\/xn--sdtirolrafting-gsb.com\/it\/service\/faq\/\" \/>\n<meta property=\"og:locale\" content=\"it_IT\" \/>\n<meta property=\"og:type\" content=\"article\" \/>\n<meta property=\"og:title\" content=\"Rafting in Merano - S\u00fcdtirol Rafting Expeditions - FAQ\" \/>\n<meta property=\"og:description\" content=\"Rafting in Meran: Alle Fragen und Antworten (FAQ) zu den Flussabfahrten mit S\u00fcdtirol Rafting Expeditions.\" \/>\n<meta property=\"og:url\" content=\"https:\/\/xn--sdtirolrafting-gsb.com\/it\/service\/faq\/\" \/>\n<meta property=\"og:site_name\" content=\"S\u00fcdtirol Rafting\" \/>\n<meta property=\"article:modified_time\" content=\"2020-07-16T06:59:08+00:00\" \/>\n<meta name=\"author\" content=\"Martin\" \/>\n<meta name=\"twitter:label1\" content=\"Tempo di lettura stimato\" \/>\n\t<meta name=\"twitter:data1\" content=\"4 minuti\" \/>\n<script type=\"application\/ld+json\" class=\"yoast-schema-graph\">{\"@context\":\"https:\/\/schema.org\",\"@graph\":[{\"@type\":\"WebSite\",\"@id\":\"https:\/\/xn--sdtirolrafting-gsb.com\/#website\",\"url\":\"https:\/\/xn--sdtirolrafting-gsb.com\/\",\"name\":\"S\u00fcdtirol Rafting\",\"description\":\"Rafting in S\u00fcdtirol\",\"potentialAction\":[{\"@type\":\"SearchAction\",\"target\":{\"@type\":\"EntryPoint\",\"urlTemplate\":\"https:\/\/xn--sdtirolrafting-gsb.com\/?s={search_term_string}\"},\"query-input\":\"required name=search_term_string\"}],\"inLanguage\":\"it-IT\"},{\"@type\":\"WebPage\",\"@id\":\"https:\/\/xn--sdtirolrafting-gsb.com\/it\/service\/faq\/#webpage\",\"url\":\"https:\/\/xn--sdtirolrafting-gsb.com\/it\/service\/faq\/\",\"name\":\"Rafting in Merano - S\u00fcdtirol Rafting Expeditions - FAQ\",\"isPartOf\":{\"@id\":\"https:\/\/xn--sdtirolrafting-gsb.com\/#website\"},\"datePublished\":\"2013-11-20T23:36:21+00:00\",\"dateModified\":\"2020-07-16T06:59:08+00:00\",\"description\":\"Rafting in Meran: Alle Fragen und Antworten (FAQ) zu den Flussabfahrten mit S\u00fcdtirol Rafting Expeditions.\",\"breadcrumb\":{\"@id\":\"https:\/\/xn--sdtirolrafting-gsb.com\/it\/service\/faq\/#breadcrumb\"},\"inLanguage\":\"it-IT\",\"potentialAction\":[{\"@type\":\"ReadAction\",\"target\":[\"https:\/\/xn--sdtirolrafting-gsb.com\/it\/service\/faq\/\"]}]},{\"@type\":\"BreadcrumbList\",\"@id\":\"https:\/\/xn--sdtirolrafting-gsb.com\/it\/service\/faq\/#breadcrumb\",\"itemListElement\":[{\"@type\":\"ListItem\",\"position\":1,\"name\":\"Startseite\",\"item\":\"https:\/\/xn--sdtirolrafting-gsb.com\/it\/\"},{\"@type\":\"ListItem\",\"position\":2,\"name\":\"SERVICE\",\"item\":\"https:\/\/xn--sdtirolrafting-gsb.com\/it\/service\/\"},{\"@type\":\"ListItem\",\"position\":3,\"name\":\"FAQ\"}]}]}<\/script>\n<!-- \/ Yoast SEO plugin. -->","yoast_head_json":{"title":"Rafting in Merano - S\u00fcdtirol Rafting Expeditions - FAQ","description":"Rafting in Meran: Alle Fragen und Antworten (FAQ) zu den Flussabfahrten mit S\u00fcdtirol Rafting Expeditions.","robots":{"index":"index","follow":"follow","max-snippet":"max-snippet:-1","max-image-preview":"max-image-preview:large","max-video-preview":"max-video-preview:-1"},"canonical":"https:\/\/xn--sdtirolrafting-gsb.com\/it\/service\/faq\/","og_locale":"it_IT","og_type":"article","og_title":"Rafting in Merano - S\u00fcdtirol Rafting Expeditions - FAQ","og_description":"Rafting in Meran: Alle Fragen und Antworten (FAQ) zu den Flussabfahrten mit S\u00fcdtirol Rafting Expeditions.","og_url":"https:\/\/xn--sdtirolrafting-gsb.com\/it\/service\/faq\/","og_site_name":"S\u00fcdtirol Rafting","article_modified_time":"2020-07-16T06:59:08+00:00","author":"Martin","twitter_misc":{"Tempo di lettura stimato":"4 minuti"},"schema":{"@context":"https:\/\/schema.org","@graph":[{"@type":"WebSite","@id":"https:\/\/xn--sdtirolrafting-gsb.com\/#website","url":"https:\/\/xn--sdtirolrafting-gsb.com\/","name":"S\u00fcdtirol Rafting","description":"Rafting in S\u00fcdtirol","potentialAction":[{"@type":"SearchAction","target":{"@type":"EntryPoint","urlTemplate":"https:\/\/xn--sdtirolrafting-gsb.com\/?s={search_term_string}"},"query-input":"required name=search_term_string"}],"inLanguage":"it-IT"},{"@type":"WebPage","@id":"https:\/\/xn--sdtirolrafting-gsb.com\/it\/service\/faq\/#webpage","url":"https:\/\/xn--sdtirolrafting-gsb.com\/it\/service\/faq\/","name":"Rafting in Merano - S\u00fcdtirol Rafting Expeditions - FAQ","isPartOf":{"@id":"https:\/\/xn--sdtirolrafting-gsb.com\/#website"},"datePublished":"2013-11-20T23:36:21+00:00","dateModified":"2020-07-16T06:59:08+00:00","description":"Rafting in Meran: Alle Fragen und Antworten (FAQ) zu den Flussabfahrten mit S\u00fcdtirol Rafting Expeditions.","breadcrumb":{"@id":"https:\/\/xn--sdtirolrafting-gsb.com\/it\/service\/faq\/#breadcrumb"},"inLanguage":"it-IT","potentialAction":[{"@type":"ReadAction","target":["https:\/\/xn--sdtirolrafting-gsb.com\/it\/service\/faq\/"]}]},{"@type":"BreadcrumbList","@id":"https:\/\/xn--sdtirolrafting-gsb.com\/it\/service\/faq\/#breadcrumb","itemListElement":[{"@type":"ListItem","position":1,"name":"Startseite","item":"https:\/\/xn--sdtirolrafting-gsb.com\/it\/"},{"@type":"ListItem","position":2,"name":"SERVICE","item":"https:\/\/xn--sdtirolrafting-gsb.com\/it\/service\/"},{"@type":"ListItem","position":3,"name":"FAQ"}]}]}},"_links":{"self":[{"href":"https:\/\/xn--sdtirolrafting-gsb.com\/it\/wp-json\/wp\/v2\/pages\/2354"}],"collection":[{"href":"https:\/\/xn--sdtirolrafting-gsb.com\/it\/wp-json\/wp\/v2\/pages"}],"about":[{"href":"https:\/\/xn--sdtirolrafting-gsb.com\/it\/wp-json\/wp\/v2\/types\/page"}],"author":[{"embeddable":true,"href":"https:\/\/xn--sdtirolrafting-gsb.com\/it\/wp-json\/wp\/v2\/users\/1"}],"replies":[{"embeddable":true,"href":"https:\/\/xn--sdtirolrafting-gsb.com\/it\/wp-json\/wp\/v2\/comments?post=2354"}],"version-history":[{"count":12,"href":"https:\/\/xn--sdtirolrafting-gsb.com\/it\/wp-json\/wp\/v2\/pages\/2354\/revisions"}],"predecessor-version":[{"id":2930,"href":"https:\/\/xn--sdtirolrafting-gsb.com\/it\/wp-json\/wp\/v2\/pages\/2354\/revisions\/2930"}],"up":[{"embeddable":true,"href":"https:\/\/xn--sdtirolrafting-gsb.com\/it\/wp-json\/wp\/v2\/pages\/2856"}],"wp:attachment":[{"href":"https:\/\/xn--sdtirolrafting-gsb.com\/it\/wp-json\/wp\/v2\/media?parent=2354"}],"curies":[{"name":"wp","href":"https:\/\/api.w.org\/{rel}","templated":true}]}}